{"id":551,"date":"2023-11-07T16:50:04","date_gmt":"2023-11-07T16:50:04","guid":{"rendered":"https:\/\/corporatemaestro.com\/?page_id=551"},"modified":"2023-11-12T16:24:23","modified_gmt":"2023-11-12T16:24:23","slug":"coaching","status":"publish","type":"page","link":"https:\/\/corporatemaestro.com\/en\/coaching\/","title":{"rendered":"Coaching"},"content":{"rendered":"<div data-elementor-type=\"wp-page\" data-elementor-id=\"551\" class=\"elementor elementor-551\" data-elementor-post-type=\"page\">\n\t\t\t\t\t\t<section class=\"elementor-section elementor-top-section elementor-element elementor-element-010fd7f elementor-section-boxed elementor-section-height-default elementor-section-height-default\" data-id=\"010fd7f\" data-element_type=\"section\" data-e-type=\"section\" data-settings=\"{&quot;background_background&quot;:&quot;classic&quot;}\">\n\t\t\t\t\t\t\t<div class=\"elementor-background-overlay\"><\/div>\n\t\t\t\t\t\t\t<div class=\"elementor-container elementor-column-gap-no\">\n\t\t\t\t\t<div class=\"elementor-column elementor-col-100 elementor-top-column elementor-element elementor-element-a46b8ec\" data-id=\"a46b8ec\" data-element_type=\"column\" data-e-type=\"column\">\n\t\t\t<div class=\"elementor-widget-wrap elementor-element-populated\">\n\t\t\t\t\t\t<div class=\"elementor-element elementor-element-7e42bdb elementor-widget-divider--view-line elementor-widget elementor-widget-divider\" data-id=\"7e42bdb\" data-element_type=\"widget\" data-e-type=\"widget\" data-widget_type=\"divider.default\">\n\t\t\t\t<div class=\"elementor-widget-container\">\n\t\t\t\t\t\t\t<div class=\"elementor-divider\">\n\t\t\t<span class=\"elementor-divider-separator\">\n\t\t\t\t\t\t<\/span>\n\t\t<\/div>\n\t\t\t\t\t\t<\/div>\n\t\t\t\t<\/div>\n\t\t\t\t<div class=\"elementor-element elementor-element-9216849 elementor-widget elementor-widget-heading\" data-id=\"9216849\" data-element_type=\"widget\" data-e-type=\"widget\" data-widget_type=\"heading.default\">\n\t\t\t\t<div class=\"elementor-widget-container\">\n\t\t\t\t\t<h1 class=\"elementor-heading-title elementor-size-default\">Coaching\n<\/h1>\t\t\t\t<\/div>\n\t\t\t\t<\/div>\n\t\t\t\t\t<\/div>\n\t\t<\/div>\n\t\t\t\t\t<\/div>\n\t\t<\/section>\n\t\t<div class=\"elementor-element elementor-element-e5910f2 e-flex e-con-boxed e-con e-parent\" data-id=\"e5910f2\" data-element_type=\"container\" data-e-type=\"container\">\n\t\t\t\t\t<div class=\"e-con-inner\">\n\t\t\t\t<div class=\"elementor-element elementor-element-35fde63 elementor-widget elementor-widget-heading\" data-id=\"35fde63\" data-element_type=\"widget\" data-e-type=\"widget\" data-widget_type=\"heading.default\">\n\t\t\t\t<div class=\"elementor-widget-container\">\n\t\t\t\t\t<h2 class=\"elementor-heading-title elementor-size-default\">Public speaking<\/h2>\t\t\t\t<\/div>\n\t\t\t\t<\/div>\n\t\t\t\t\t<\/div>\n\t\t\t\t<\/div>\n\t\t<div class=\"elementor-element elementor-element-c7d3bbf e-flex e-con-boxed e-con e-parent\" data-id=\"c7d3bbf\" data-element_type=\"container\" data-e-type=\"container\">\n\t\t\t\t\t<div class=\"e-con-inner\">\n\t\t<div class=\"elementor-element elementor-element-c5895e2 e-con-full e-flex e-con e-child\" data-id=\"c5895e2\" data-element_type=\"container\" data-e-type=\"container\">\n\t\t\t\t<div class=\"elementor-element elementor-element-60dc98c elementor-widget elementor-widget-image\" data-id=\"60dc98c\" data-element_type=\"widget\" data-e-type=\"widget\" data-widget_type=\"image.default\">\n\t\t\t\t<div class=\"elementor-widget-container\">\n\t\t\t\t\t\t\t\t\t\t\t\t<figure class=\"wp-caption\">\n\t\t\t\t\t\t\t\t\t\t<img fetchpriority=\"high\" decoding=\"async\" width=\"1024\" height=\"696\" src=\"https:\/\/corporatemaestro.com\/wp-content\/uploads\/2023\/11\/9RM26MAY2021A-44-1024x696.jpg\" class=\"attachment-large size-large wp-image-723\" alt=\"\" srcset=\"https:\/\/corporatemaestro.com\/wp-content\/uploads\/2023\/11\/9RM26MAY2021A-44-1024x696.jpg 1024w, https:\/\/corporatemaestro.com\/wp-content\/uploads\/2023\/11\/9RM26MAY2021A-44-300x204.jpg 300w, https:\/\/corporatemaestro.com\/wp-content\/uploads\/2023\/11\/9RM26MAY2021A-44-768x522.jpg 768w, https:\/\/corporatemaestro.com\/wp-content\/uploads\/2023\/11\/9RM26MAY2021A-44-1536x1044.jpg 1536w, https:\/\/corporatemaestro.com\/wp-content\/uploads\/2023\/11\/9RM26MAY2021A-44-2048x1392.jpg 2048w, https:\/\/corporatemaestro.com\/wp-content\/uploads\/2023\/11\/9RM26MAY2021A-44-18x12.jpg 18w, https:\/\/corporatemaestro.com\/wp-content\/uploads\/2023\/11\/9RM26MAY2021A-44-600x408.jpg 600w\" sizes=\"(max-width: 1024px) 100vw, 1024px\" \/>\t\t\t\t\t\t\t\t\t\t\t<figcaption class=\"widget-image-caption wp-caption-text\">Sekret\u00e4ride p\u00e4ev 2021. Foto autor Raul Mee<\/figcaption>\n\t\t\t\t\t\t\t\t\t\t<\/figure>\n\t\t\t\t\t\t\t\t\t<\/div>\n\t\t\t\t<\/div>\n\t\t\t\t<\/div>\n\t\t<div class=\"elementor-element elementor-element-6e18e39 e-con-full e-flex e-con e-child\" data-id=\"6e18e39\" data-element_type=\"container\" data-e-type=\"container\">\n\t\t<div class=\"elementor-element elementor-element-8064a11 e-con-full e-flex e-con e-child\" data-id=\"8064a11\" data-element_type=\"container\" data-e-type=\"container\">\n\t\t\t\t<div class=\"elementor-element elementor-element-f337ae3 elementor-widget elementor-widget-text-editor\" data-id=\"f337ae3\" data-element_type=\"widget\" data-e-type=\"widget\" data-widget_type=\"text-editor.default\">\n\t\t\t\t<div class=\"elementor-widget-container\">\n\t\t\t\t\t\t\t\t\t<p class=\"translation-block\">I work with people who\u2019d like to deliver their message more effectively. My customer base includes CEOs, COOs, professional and keynote speakers, but also actors, teachers, coaches, trainers (people who deliver workshops and webinars) and even students.<\/p><p><span style=\"font-weight: 400;\">I work online and in-person. My services include:\u00a0<\/span><\/p><ul><li style=\"font-weight: 400;\" aria-level=\"1\"><span style=\"font-weight: 400;\">Analyzing webinars\/workshops<\/span><\/li><li style=\"font-weight: 400;\" aria-level=\"1\"><span style=\"font-weight: 400;\">Preparation for important speeches, presentations, meetings\u00a0<\/span><\/li><li style=\"font-weight: 400;\" aria-level=\"1\"><span style=\"font-weight: 400;\">Developing better self-expression\u00a0<\/span><\/li><li style=\"font-weight: 400;\" aria-level=\"1\"><span style=\"font-weight: 400;\">Speaking techniques<\/span><\/li><\/ul>\t\t\t\t\t\t\t\t<\/div>\n\t\t\t\t<\/div>\n\t\t\t\t<\/div>\n\t\t\t\t<\/div>\n\t\t\t\t\t<\/div>\n\t\t\t\t<\/div>\n\t\t<div class=\"elementor-element elementor-element-ff80d8f e-flex e-con-boxed e-con e-parent\" data-id=\"ff80d8f\" data-element_type=\"container\" data-e-type=\"container\">\n\t\t\t\t\t<div class=\"e-con-inner\">\n\t\t\t\t<div class=\"elementor-element elementor-element-0e3d362 elementor-widget elementor-widget-heading\" data-id=\"0e3d362\" data-element_type=\"widget\" data-e-type=\"widget\" data-widget_type=\"heading.default\">\n\t\t\t\t<div class=\"elementor-widget-container\">\n\t\t\t\t\t<h2 class=\"elementor-heading-title elementor-size-default\">Leadership<\/h2>\t\t\t\t<\/div>\n\t\t\t\t<\/div>\n\t\t\t\t\t<\/div>\n\t\t\t\t<\/div>\n\t\t<div class=\"elementor-element elementor-element-cb0c268 e-flex e-con-boxed e-con e-parent\" data-id=\"cb0c268\" data-element_type=\"container\" data-e-type=\"container\">\n\t\t\t\t\t<div class=\"e-con-inner\">\n\t\t<div class=\"elementor-element elementor-element-24e3060 e-con-full e-flex e-con e-child\" data-id=\"24e3060\" data-element_type=\"container\" data-e-type=\"container\">\n\t\t<div class=\"elementor-element elementor-element-9224c26 e-con-full e-flex e-con e-child\" data-id=\"9224c26\" data-element_type=\"container\" data-e-type=\"container\">\n\t\t\t\t<div class=\"elementor-element elementor-element-78590c5 elementor-widget elementor-widget-text-editor\" data-id=\"78590c5\" data-element_type=\"widget\" data-e-type=\"widget\" data-widget_type=\"text-editor.default\">\n\t\t\t\t<div class=\"elementor-widget-container\">\n\t\t\t\t\t\t\t\t\t<p><span style=\"font-weight: 400;\">How to inspire people to leave their comfort zone and motivate them to make the changes you\u2019re looking for?\u00a0<\/span><\/p><p class=\"translation-block\">There\u2019s a reason why true leadership is sometimes described as art itself and every leader is said to be an artist. Leadership is just not about strategies and plans, but about creating and sharing their message, directions clearly. This will create a positive working atmosphere, and is a reflection of great leadership.<\/p><p><span style=\"font-weight: 400;\">Leaders, working with a Corporate Maestro, learn how their team can work together as an excellent orchestra, by using their uniqueness and strengths. Like a conductor, you\u2019ll lead them to work on a common goal.<\/span><span style=\"font-weight: 400;\">.\u00a0<\/span><\/p>\t\t\t\t\t\t\t\t<\/div>\n\t\t\t\t<\/div>\n\t\t\t\t<\/div>\n\t\t\t\t<\/div>\n\t\t<div class=\"elementor-element elementor-element-ef5cd3e e-con-full e-flex e-con e-child\" data-id=\"ef5cd3e\" data-element_type=\"container\" data-e-type=\"container\">\n\t\t\t\t<div class=\"elementor-element elementor-element-e91989f elementor-widget elementor-widget-image\" data-id=\"e91989f\" data-element_type=\"widget\" data-e-type=\"widget\" data-widget_type=\"image.default\">\n\t\t\t\t<div class=\"elementor-widget-container\">\n\t\t\t\t\t\t\t\t\t\t\t\t<figure class=\"wp-caption\">\n\t\t\t\t\t\t\t\t\t\t<img decoding=\"async\" width=\"1024\" height=\"576\" src=\"https:\/\/corporatemaestro.com\/wp-content\/uploads\/2023\/11\/ANU-TAHEMAA-X-TEDXTartu-video-1024x576.png\" class=\"attachment-large size-large wp-image-557\" alt=\"TEDxTartu\" srcset=\"https:\/\/corporatemaestro.com\/wp-content\/uploads\/2023\/11\/ANU-TAHEMAA-X-TEDXTartu-video-1024x576.png 1024w, https:\/\/corporatemaestro.com\/wp-content\/uploads\/2023\/11\/ANU-TAHEMAA-X-TEDXTartu-video-300x169.png 300w, https:\/\/corporatemaestro.com\/wp-content\/uploads\/2023\/11\/ANU-TAHEMAA-X-TEDXTartu-video-768x432.png 768w, https:\/\/corporatemaestro.com\/wp-content\/uploads\/2023\/11\/ANU-TAHEMAA-X-TEDXTartu-video-1536x864.png 1536w, https:\/\/corporatemaestro.com\/wp-content\/uploads\/2023\/11\/ANU-TAHEMAA-X-TEDXTartu-video-2048x1152.png 2048w, https:\/\/corporatemaestro.com\/wp-content\/uploads\/2023\/11\/ANU-TAHEMAA-X-TEDXTartu-video-600x338.png 600w\" sizes=\"(max-width: 1024px) 100vw, 1024px\" \/>\t\t\t\t\t\t\t\t\t\t\t<figcaption class=\"widget-image-caption wp-caption-text\">TEDxTartu <\/figcaption>\n\t\t\t\t\t\t\t\t\t\t<\/figure>\n\t\t\t\t\t\t\t\t\t<\/div>\n\t\t\t\t<\/div>\n\t\t\t\t<\/div>\n\t\t\t\t\t<\/div>\n\t\t\t\t<\/div>\n\t\t\t\t<\/div>","protected":false},"excerpt":{"rendered":"<p>Coaching Avalik esinemine Sekret\u00e4ride p\u00e4ev 2021. Foto autor Raul Mee Avaliku esinemise eksperdina tegutsen rahvusvaheliselt. Juhendan nii veebis kui ka silmast-silma, kuidas esinedes v\u00f5i koosolekuruumis oma m\u00f5tet m\u00f5jusalt edasi anda. Lisaks tippjuhtidele ja professionaalsetele k\u00f5nelejatele on minu \u00f5pilaste seas n\u00e4itlejaid, \u00f5petajaid, coach\u2019e, koolitajaid, aga ka kooli\u00f5pilasi.\u00a0 Teenused sisaldavad\u00a0 seminaride\/webinaride anal\u00fc\u00fcs k\u00f5nedeks, esinemiseks ettevalmistamine\u00a0 enesev\u00e4ljenduse arendamine\u00a0 [&hellip;]<\/p>\n","protected":false},"author":1,"featured_media":0,"parent":0,"menu_order":0,"comment_status":"closed","ping_status":"closed","template":"","meta":{"site-sidebar-layout":"no-sidebar","site-content-layout":"page-builder","ast-site-content-layout":"full-width-container","site-content-style":"default","site-sidebar-style":"default","ast-global-header-display":"","ast-banner-title-visibility":"","ast-main-header-display":"","ast-hfb-above-header-display":"","ast-hfb-below-header-display":"","ast-hfb-mobile-header-display":"","site-post-title":"disabled","ast-breadcrumbs-content":"","ast-featured-img":"disabled","footer-sml-layout":"","ast-disable-related-posts":"","theme-transparent-header-meta":"default","adv-header-id-meta":"","stick-header-meta":"","header-above-stick-meta":"","header-main-stick-meta":"","header-below-stick-meta":"","astra-migrate-meta-layouts":"set","ast-page-background-enabled":"default","ast-page-background-meta":{"desktop":{"background-color":"","background-image":"","background-repeat":"repeat","background-position":"center center","background-size":"auto","background-attachment":"scroll","background-type":"","background-media":"","overlay-type":"","overlay-color":"","overlay-opacity":"","overlay-gradient":""},"tablet":{"background-color":"","background-image":"","background-repeat":"repeat","background-position":"center center","background-size":"auto","background-attachment":"scroll","background-type":"","background-media":"","overlay-type":"","overlay-color":"","overlay-opacity":"","overlay-gradient":""},"mobile":{"background-color":"","background-image":"","background-repeat":"repeat","background-position":"center center","background-size":"auto","background-attachment":"scroll","background-type":"","background-media":"","overlay-type":"","overlay-color":"","overlay-opacity":"","overlay-gradient":""}},"ast-content-background-meta":{"desktop":{"background-color":"var(--ast-global-color-5)","background-image":"","background-repeat":"repeat","background-position":"center center","background-size":"auto","background-attachment":"scroll","background-type":"","background-media":"","overlay-type":"","overlay-color":"","overlay-opacity":"","overlay-gradient":""},"tablet":{"background-color":"var(--ast-global-color-5)","background-image":"","background-repeat":"repeat","background-position":"center center","background-size":"auto","background-attachment":"scroll","background-type":"","background-media":"","overlay-type":"","overlay-color":"","overlay-opacity":"","overlay-gradient":""},"mobile":{"background-color":"var(--ast-global-color-5)","background-image":"","background-repeat":"repeat","background-position":"center center","background-size":"auto","background-attachment":"scroll","background-type":"","background-media":"","overlay-type":"","overlay-color":"","overlay-opacity":"","overlay-gradient":""}},"footnotes":""},"class_list":["post-551","page","type-page","status-publish","hentry"],"_links":{"self":[{"href":"https:\/\/corporatemaestro.com\/en\/wp-json\/wp\/v2\/pages\/551","targetHints":{"allow":["GET"]}}],"collection":[{"href":"https:\/\/corporatemaestro.com\/en\/wp-json\/wp\/v2\/pages"}],"about":[{"href":"https:\/\/corporatemaestro.com\/en\/wp-json\/wp\/v2\/types\/page"}],"author":[{"embeddable":true,"href":"https:\/\/corporatemaestro.com\/en\/wp-json\/wp\/v2\/users\/1"}],"replies":[{"embeddable":true,"href":"https:\/\/corporatemaestro.com\/en\/wp-json\/wp\/v2\/comments?post=551"}],"version-history":[{"count":5,"href":"https:\/\/corporatemaestro.com\/en\/wp-json\/wp\/v2\/pages\/551\/revisions"}],"predecessor-version":[{"id":937,"href":"https:\/\/corporatemaestro.com\/en\/wp-json\/wp\/v2\/pages\/551\/revisions\/937"}],"wp:attachment":[{"href":"https:\/\/corporatemaestro.com\/en\/wp-json\/wp\/v2\/media?parent=551"}],"curies":[{"name":"wp","href":"https:\/\/api.w.org\/{rel}","templated":true}]}}