{"id":3664,"date":"2024-12-17T12:29:24","date_gmt":"2024-12-17T10:29:24","guid":{"rendered":"https:\/\/corporatemaestro.com\/?post_type=product&#038;p=3664"},"modified":"2025-05-26T14:11:21","modified_gmt":"2025-05-26T11:11:21","slug":"enesekindel-koneleja","status":"publish","type":"product","link":"https:\/\/corporatemaestro.com\/en\/product\/enesekindel-koneleja\/","title":{"rendered":"Ise\u00f5pe. Enesekindel k\u00f5neleja &#8211; Loomulik enesev\u00e4ljendus igas olukorras"},"content":{"rendered":"<p><strong>&#8220;Enesekindel k\u00f5neleja&#8221;<\/strong> on praktiline ja samm-sammuline e-kursus, mis \u00f5petab sind \u00fcletama esinemis\u00e4revust ja arendama enda loomulikku enesev\u00e4ljendusoskust.<\/p>\n<p>Kas tunned, et esinemine teiste ees paneb su k\u00e4ed higistama ja m\u00f5tted sassi minema? Kas sa v\u00e4ldid s\u00f5na v\u00f5tmist isegi siis, kui sul on midagi t\u00e4htsat \u00f6elda?<\/p>\n<h2><strong>&#8220;Enesekindel k\u00f5neleja&#8221; kursuse peamised eelised:<\/strong><\/h2>\n<ul>\n<li><strong>\u00dcleta esinemishirm<\/strong>: \u00f5pid lihtsaid tehnikaid, kuidas ennetada \u00e4revust ja juhtida oma emotsioone.<\/li>\n<li><strong>Praktilised harjutused<\/strong>: samm-sammult juhendatud videokursuse moodulid koos praktiliste harjutustega.<\/li>\n<li><strong>Kehakeel ja h\u00e4\u00e4lekasutus<\/strong>: \u00f5pid, kuidas kasutada oma kehahoiakut ja h\u00e4\u00e4lt veenva ja enesekindla mulje loomiseks.<\/li>\n<li><strong>M\u00f5jus s\u00f5num<\/strong>: kujunda selge ja kaasahaarav s\u00f5num, mis haarab kuulaja t\u00e4helepanu.<\/li>\n<\/ul>\n<h2><strong>Kellele<\/strong><strong>\u00a0<\/strong><strong>kursus sobib?<\/strong><\/h2>\n<ul>\n<li><strong>Ettev\u00f5tjatele ja juhtidele, kes soovivad oma s\u00f5numit enesekindlalt esitada:<\/strong><br \/>\nKui oled ettev\u00f5tja, kes teab, et efektiivne ja m\u00f5jus suhtlemine on v\u00f5tmet\u00e4htsusega kliendisuhete loomisel ja hoidmisel, on see kursus sulle. Samuti sobib see juhtidele, kes tahavad inspireerida oma meeskonda ja esineda enesekindlalt koosolekutel, presentatsioonidel v\u00f5i avalikel \u00fcritustel.<\/li>\n<li><strong>T\u00f6\u00f6tajatele, kes tahavad oma karj\u00e4\u00e4ri edendada:<\/strong><br \/>\nKui oled t\u00f6\u00f6taja, kellel on tihti h\u00e4id ideid, kuid sul puudub julgus neid koosolekutel v\u00f5i avalikes olukordades v\u00e4lja \u00f6elda, siis aitab kursus sul oma h\u00e4\u00e4le leida ja enesekindlalt esile t\u00f5usta. Saad selged t\u00f6\u00f6riistad, kuidas oma s\u00f5numit edastada nii, et sind m\u00e4rgatakse ja kuulatakse.<\/li>\n<li><strong>Algajatele esinejatele, kes tahavad \u00fcletada hirmu ja ebakindluse:<\/strong><br \/>\nSee kursus sobib ideaalselt neile, kes tunnevad, et esinemine on hirmutav v\u00f5i isegi halvav kogemus. Kui sa kardad s\u00f5na v\u00f5tta, muretsed, mida teised arvavad, v\u00f5i tunned, et sul on raske m\u00f5tteid selgelt v\u00e4ljendada, siis kursus aitab sul nende v\u00e4ljakutsetega toime tulla.<\/li>\n<li><strong>Neile, kes soovivad esineda sotsiaalmeedias v\u00f5i avalikes kanalites:<\/strong><br \/>\nKursus sobib suurep\u00e4raselt inimestele, kes tahavad sotsiaalmeedias oma ideid jagada, otse\u00fclekandeid teha v\u00f5i videopostitusi luua, kuid tunnevad end kaamera ees ebakindlalt. \u00d5pid, kuidas oma s\u00f5numit loomulikult ja veenvalt esitada.<\/li>\n<li><strong>\u00d5petajatele, koolitajatele ja esinejatele:<\/strong><br \/>\nProfessionaalidele, kes peavad regulaarselt teiste ees esinema ja \u00f5petama, annab kursus uusi vaatenurki ja praktilisi t\u00f6\u00f6riistu, et oma esinemisstiili veelgi t\u00f5husamaks muuta.<\/li>\n<li><strong>Tudengitele ja noortele, kes tahavad enesekindlalt oma arvamust avaldada:<\/strong><br \/>\nNoored, kes alles alustavad oma professionaalset teekonda ja vajavad enesekindlust, et oma m\u00f5tteid ja ideid selgelt v\u00e4ljendada, leiavad kursusest suurep\u00e4rase toe.<\/li>\n<li><strong>Inimestele, kes soovivad igap\u00e4evaelus paremini suhelda:<\/strong><br \/>\nOlgu tegemist t\u00f6\u00f6alaste koosolekute, s\u00f5pradega suhtlemise v\u00f5i pereringis oma arvamuse avaldamisega \u2013 kui tahad, et sinu s\u00f5num j\u00f5uaks kohale ja j\u00e4taks m\u00f5jusa mulje, on see kursus sulle.<\/li>\n<li><strong>Virtuaalt\u00f6\u00f6tajatele ja kaugt\u00f6\u00f6 tegijatele:<\/strong><br \/>\nKui su t\u00f6\u00f6 n\u00f5uab regulaarset suhtlemist Zoomi, Teamsi v\u00f5i muude videokonverentside kaudu, aitab kursus sul oma kehakeelt ja h\u00e4\u00e4lekasutust arendada nii, et sa m\u00f5juksid ekraani ees enesekindlalt ja veenvalt.<\/li>\n<li><strong>K\u00f5igile, kes tunnevad, et neil on midagi \u00f6elda, kuid pole kindel, kuidas seda teha:<\/strong><br \/>\nKui tunned, et sinus on peidus palju h\u00e4id ideid, kuid sa ei tea, kuidas neid veenvalt edasi anda, siis see kursus annab sulle praktilised t\u00f6\u00f6riistad ja kindlustunde, et sinu h\u00e4\u00e4l leiaks oma koha.<\/li>\n<\/ul>\n<h2><strong>Kursus &#8220;Enesekindel k\u00f5neleja&#8221; ei sobi:<\/strong><\/h2>\n<ul>\n<li><strong>Inimestele, kes ei soovi muutusi teha<\/strong> \u2013 Kui sa pole valmis oma hirmudega silmitsi seisma ja harjutusi j\u00e4rjepidevalt tegema, siis kursus ei too soovitud tulemusi.<\/li>\n<li><strong>Neile, kes otsivad koheseid lahendusi<\/strong> \u2013 Enesekindluse ja esinemisoskuse arendamine on protsess, mis vajab aega ja j\u00e4rjepidevust. Kursus ei anna &#8220;kiirlahendusi&#8221;.<\/li>\n<li><strong>Kogenud professionaalidele, kes juba valitsevad k\u00f5iki esinemise oskusi<\/strong> \u2013 Kui tunned, et sul on piisav enesekindlus, selge s\u00f5num ja suurep\u00e4rane kehakeel, ei pruugi see kursus sulle uut pakkuda.<\/li>\n<li><strong>Neile, kes ei taha ise harjutada<\/strong> \u2013 Kursus on iseseisvalt l\u00e4bitav ja p\u00f5hineb praktilistel harjutustel. Ilma harjutamiseta ei toimu arengut.<\/li>\n<li><strong>Inimestele, kellel puudub ligip\u00e4\u00e4s internetile v\u00f5i videomaterjalide vaatamise v\u00f5imalus<\/strong> \u2013 Kuna tegemist on veebip\u00f5hise e-kursusega, on interneti\u00fchendus ja seadmed kursuse l\u00e4bimiseks vajalikud.<\/li>\n<\/ul>\n<p><strong>Ligip\u00e4\u00e4s kursusele kehtib 4 kuud alates ostukuup\u00e4evast.\u00a0<\/strong><\/p>\n<h4><strong>Loe kursuse kohta pikemalt <a href=\"https:\/\/corporatemaestro.com\/en\/enesekindel-koneleja\/\" target=\"_blank\" rel=\"noopener\">siit.<\/a><\/strong><\/h4>","protected":false},"excerpt":{"rendered":"<p><strong>Enesekindel k\u00f5neleja<\/strong> \u2013 iseseisvalt l\u00e4bitav e-kursus, mis annab praktilised t\u00f6\u00f6riistad esinemishirmu \u00fcletamiseks, kehakeele ja h\u00e4\u00e4lekasutuse arendamiseks ning m\u00f5jusa s\u00f5numi loomiseks. \u00d5pi v\u00e4ljenduma selgelt, loomulikult ja enesekindlalt igas olukorras!<\/p>\n<ul>\n<li><span style=\"font-weight: 400;\">Eelsalvestatud moodulid<\/span><\/li>\n<li><span style=\"font-weight: 400;\">Iseseisvad harjutused<\/span><\/li>\n<li><span style=\"font-weight: 400;\">Toetus Anu grupis<\/span><span style=\"font-weight: 400;\"><br \/>\n<\/span><\/li>\n<li>T\u00f6\u00f6lehed oma progressi j\u00e4rgimiseks<\/li>\n<\/ul>\n<p><strong>Ligip\u00e4\u00e4s kursusele kehtib 4 kuud alates ostukuup\u00e4evast.\u00a0<\/strong><\/p>","protected":false},"featured_media":4253,"template":"","meta":{"site-sidebar-layout":"default","site-content-layout":"","ast-site-content-layout":"default","site-content-style":"default","site-sidebar-style":"default","ast-global-header-display":"","ast-banner-title-visibility":"","ast-main-header-display":"","ast-hfb-above-header-display":"","ast-hfb-below-header-display":"","ast-hfb-mobile-header-display":"","site-post-title":"","ast-breadcrumbs-content":"","ast-featured-img":"","footer-sml-layout":"","ast-disable-related-posts":"","theme-transparent-header-meta":"default","adv-header-id-meta":"","stick-header-meta":"","header-above-stick-meta":"","header-main-stick-meta":"","header-below-stick-meta":"","astra-migrate-meta-layouts":"set","ast-page-background-enabled":"default","ast-page-background-meta":{"desktop":{"background-color":"","background-image":"","background-repeat":"repeat","background-position":"center center","background-size":"auto","background-attachment":"scroll","background-type":"","background-media":"","overlay-type":"","overlay-color":"","overlay-opacity":"","overlay-gradient":""},"tablet":{"background-color":"","background-image":"","background-repeat":"repeat","background-position":"center center","background-size":"auto","background-attachment":"scroll","background-type":"","background-media":"","overlay-type":"","overlay-color":"","overlay-opacity":"","overlay-gradient":""},"mobile":{"background-color":"","background-image":"","background-repeat":"repeat","background-position":"center center","background-size":"auto","background-attachment":"scroll","background-type":"","background-media":"","overlay-type":"","overlay-color":"","overlay-opacity":"","overlay-gradient":""}},"ast-content-background-meta":{"desktop":{"background-color":"var(--ast-global-color-5)","background-image":"","background-repeat":"repeat","background-position":"center center","background-size":"auto","background-attachment":"scroll","background-type":"","background-media":"","overlay-type":"","overlay-color":"","overlay-opacity":"","overlay-gradient":""},"tablet":{"background-color":"var(--ast-global-color-5)","background-image":"","background-repeat":"repeat","background-position":"center center","background-size":"auto","background-attachment":"scroll","background-type":"","background-media":"","overlay-type":"","overlay-color":"","overlay-opacity":"","overlay-gradient":""},"mobile":{"background-color":"var(--ast-global-color-5)","background-image":"","background-repeat":"repeat","background-position":"center center","background-size":"auto","background-attachment":"scroll","background-type":"","background-media":"","overlay-type":"","overlay-color":"","overlay-opacity":"","overlay-gradient":""}}},"product_brand":[],"product_cat":[29],"product_tag":[],"class_list":{"0":"post-3664","1":"product","2":"type-product","3":"status-publish","4":"has-post-thumbnail","6":"product_cat-esinemisoskused","7":"desktop-align-left","8":"tablet-align-left","9":"mobile-align-left","11":"first","12":"instock","13":"virtual","14":"purchasable","15":"product-type-simple"},"_links":{"self":[{"href":"https:\/\/corporatemaestro.com\/en\/wp-json\/wp\/v2\/product\/3664","targetHints":{"allow":["GET"]}}],"collection":[{"href":"https:\/\/corporatemaestro.com\/en\/wp-json\/wp\/v2\/product"}],"about":[{"href":"https:\/\/corporatemaestro.com\/en\/wp-json\/wp\/v2\/types\/product"}],"wp:featuredmedia":[{"embeddable":true,"href":"https:\/\/corporatemaestro.com\/en\/wp-json\/wp\/v2\/media\/4253"}],"wp:attachment":[{"href":"https:\/\/corporatemaestro.com\/en\/wp-json\/wp\/v2\/media?parent=3664"}],"wp:term":[{"taxonomy":"product_brand","embeddable":true,"href":"https:\/\/corporatemaestro.com\/en\/wp-json\/wp\/v2\/product_brand?post=3664"},{"taxonomy":"product_cat","embeddable":true,"href":"https:\/\/corporatemaestro.com\/en\/wp-json\/wp\/v2\/product_cat?post=3664"},{"taxonomy":"product_tag","embeddable":true,"href":"https:\/\/corporatemaestro.com\/en\/wp-json\/wp\/v2\/product_tag?post=3664"}],"curies":[{"name":"wp","href":"https:\/\/api.w.org\/{rel}","templated":true}]}}