{"id":5302,"date":"2026-04-14T19:33:37","date_gmt":"2026-04-14T16:33:37","guid":{"rendered":"https:\/\/corporatemaestro.com\/?post_type=product&#038;p=5302"},"modified":"2026-04-15T20:54:47","modified_gmt":"2026-04-15T17:54:47","slug":"konejamm-13-mai-mindz-studio-s","status":"publish","type":"product","link":"https:\/\/corporatemaestro.com\/en\/product\/konejamm-13-mai-mindz-studio-s\/","title":{"rendered":"K\u00d5NEJ\u00c4MM 13. mai, MindZ Studio"},"content":{"rendered":"<p><span style=\"font-weight: 400;\"><strong>J\u00e4mmi\u00f5htu k\u00f5nelejatele, kel julgust kasvada, soovi kuulajaid inspireerida.<\/strong><br \/>\n<\/span><\/p>\n<p><span style=\"font-weight: 400;\">Tule osa saama \u00f5htust, kus ei m\u00f5\u00f5deta t\u00e4iuslikkust, vaid t\u00e4histatakse julgust astuda publiku r\u00e4\u00e4kides lugusid silmast silma. &#8220;Laval&#8221; astuvad \u00fcles k\u00f5nelejad, kes tavaliselt publikule ei esine. Jah, m\u00f5ni on k\u00e4inud teles, teine esinenud konverentsil, kolmas teeb veebiavarustes kohtumisi\u2026aga lugude jutustamise osas on nad oma stiili alles loomas.<\/span><\/p>\n<p>J<span style=\"font-weight: 400;\">\u00e4mmi\u00f5htu on oodatud s\u00fcndmus, mis on v\u00e4lja kasvanud Anu T\u00e4hemaa K\u00f5nej\u00e4mmi treeningprogrammis osalejatele, mis pakub osalejatele v\u00f5imalust panna oma oskused proovile. Onlines ja omavahel olles, on nad juba p\u00e4ris osavad. Aga kas ka seltskonnas olles on julgust ja ka taktitunnet sobilikul hetkel suu lahti teha, et oma lugu jagada &#8211; see selgub kohapeal.<\/span><\/p>\n<p><span style=\"font-weight: 400;\">Tegu on improvisatsiooniga, mis t\u00e4hendab, et midagi ei ole ette valmistatud. K\u00f5ik s\u00fcnnib kohapeal. Lood v\u00f5iksid j\u00e4\u00e4da minuti pikkuseks, sest siis saame pakkuda l\u00fchema ajaga rohkem v\u00e4\u00e4rtust.<\/span><\/p>\n<p><span style=\"font-weight: 400;\">\u00d5hus on m\u00f5nusat \u00e4revust ja keegi tegelikult ei tea kuidas l\u00e4heb, sest Anu plaane ei tea kunagi ette ning see teebki iga K\u00f5nej\u00e4mmi kohtumise erakordseks. Ja see<\/span><span style=\"font-weight: 400;\">, kuidas siis l\u00e4heb, polegi oluline.\u00a0<\/span><span style=\"font-weight: 400;\"><br \/>\n<\/span><\/p>\n<h2><span style=\"font-weight: 400;\"> Mida K\u00f5nej\u00e4mmi \u00f5htult oodata?<\/span><span style=\"font-weight: 400;\"><br \/>\n<\/span><\/h2>\n<p><span style=\"font-weight: 400;\">&#8211; Lugusid inimestelt, kes alles loovad ja katsetavad<br \/>\n<\/span><span style=\"font-weight: 400;\">&#8211; Improvisatsiooni, ootamatuid \u00fclesandeid ja publikuga suhtlust<br \/>\n<\/span><span style=\"font-weight: 400;\">&#8211; Intiimset ja toetavat atmosf\u00e4\u00e4ri<\/span><span style=\"font-weight: 400;\"><br \/>\n<\/span><\/p>\n<h2><span style=\"font-weight: 400;\"> Mida peab publik tegema?<\/span><\/h2>\n<p><span style=\"font-weight: 400;\">Publik esinema ei pea. Hea kui plaksutab, esinejat toetab ja kaasa elab. Aga kui keegi soovib &#8211; andku endast teada!\u00a0<\/span><span style=\"font-weight: 400;\">Ka eelmised K\u00f5nej\u00e4mmides (v\u00f5i Tune in: osalejad), kes k\u00e4inud varasemate aastate treeningutes, on samuti oodatud.<\/span><\/p>\n<p><span style=\"font-weight: 400;\"><br \/>\n<\/span><span style=\"font-weight: 400;\"><strong>Korraldaja:<\/strong> Anu T\u00e4hemaa &#8211; Coprorate Maestro \/AD Productions<\/span><span style=\"font-weight: 400;\"><br \/>\n<\/span><span style=\"font-weight: 400;\">Kontakt: 5058618<\/span><span style=\"font-weight: 400;\"><br \/>\n<\/span><\/p>\n<p><span style=\"font-weight: 400;\"><strong>Toimumiskoht:<\/strong> MindZ Studio (Telliskivi 57, Tallinn)<br \/>\n<\/span><span style=\"font-weight: 400;\"><strong>Aeg ja kestus:<\/strong> Kolmap\u00e4ev, 13. mai kell 18.00 \u2013 20.00 (alustame 18.30)<br \/>\nNB! S\u00fcndmus on m\u00f5eldud <strong>t\u00e4iskasvanutele<\/strong> ning toimub <strong>eesti keeles<\/strong>.<\/span><\/p>\n<p>&nbsp;<\/p>\n<h2><span style=\"font-weight: 400;\">K\u00f5nej\u00e4mmis osalejate tagasiside:\u00a0<\/span><\/h2>\n<h5 data-start=\"1243\" data-end=\"1540\">Triin P\u00e4rn &#8211; raamatupidaja<\/h5>\n<p data-start=\"1243\" data-end=\"1540\" data-is-last-node=\"\" data-is-only-node=\"\"><em>Olen olnud usin sotsiaalmeedias, peamiselt <a href=\"https:\/\/www.instagram.com\/assistenttriinparn\/\" target=\"_blank\" rel=\"noopener\">Instagramis.<\/a> <\/em><br data-start=\"264\" data-end=\"267\" \/><em>Ehk siis r\u00e4\u00e4kivad reelsid t\u00e4nu Anu T\u00e4hemaa igan\u00e4dalases &#8220;K\u00f5nej\u00e4mmis&#8221; osalemisele, varsti saab 9 kuud t\u00e4is programmis olemisest. Ja no ei ole lihtne, iga tund on erinev. Alguses keskendusime loomingulisusele, n\u00fc\u00fcd aina enam loo jutustamise struktuurile!<\/em><br data-start=\"519\" data-end=\"522\" \/><em>Ait\u00e4h, <strong data-start=\"529\" data-end=\"544\">Anu T\u00e4hemaa<\/strong> \ud83d\ude0d\u2764\ufe0f<\/em><\/p>\n<h5 data-start=\"883\" data-end=\"1225\"><strong data-start=\"883\" data-end=\"900\">Marika Hanson &#8211; tantsukooli omanik<\/strong><\/h5>\n<p data-start=\"883\" data-end=\"1225\"><em>Mitu kuud k\u00f5nej\u00e4mme on viinud mind ikka ja j\u00e4lle ebamugavustsooni, kus iga s\u00f5na on nagu balansseerimine k\u00f6iel. Kunst on hoida energiat k\u00f5rgel, kui sisimas kisub alla.<\/em> <em>Aga iga soe s\u00f5na Anu poolt on kui palsam hingele \u2013 nii pehmelt, nii toetavalt. Ja vaikselt, samm-sammult, muutub lugude jutustamine kergemaks, ehedamaks.<br \/>\n<\/em><em>\u00a0Ja t\u00e4nulikkus. Justkui oleks sisemusse istutatud uus seeme, mis ei karju, vaid heliseb. \u2764\ufe0f\u2728\ud83d\ude4f<br \/>\n<\/em><\/p>\n<h5>Andero Keronen &#8211; CEO<\/h5>\n<p data-start=\"51\" data-end=\"648\"><em>Ait\u00e4h, Anu, et oled v\u00f5tnud mind oma tiiva alla ja n\u00e4idanud mulle v\u00f5imalusi, millest mul polnud aimugi. Tajun \u00fcha selgemalt, kui m\u00f5juv\u00f5imas on juhi roll ja kui oluline on osata tajuda oma h\u00e4\u00e4lt, toone, k\u00f5la ja kehakeelt. Sa tood n\u00e4htavale maailma, mida ma varem endale ei teadvustanud.\u00a0<\/em><\/p>\n<p data-start=\"650\" data-end=\"1042\"><em>Ait\u00e4h, et paned mind igal n\u00e4dalal juhina kogema ebamugavust, t\u00e4ites \u00fclesandeid, mille puhul tunnen, et ma algul kohe ei saa hakkama. T\u00e4na tean, et see on hea tunne, sest ainult see aitab meid kasvada heaks k\u00f5nelejaks.<br \/>\n<\/em><em>Olen t\u00e4nulik, et lood toetava ruumi, kus on turvaline \u00f5ppida ja kasvada. Oled oma loomult aus ja siiras ning ei p\u00fc\u00fca meid muuta, vaid aitad esile tuua isikup\u00e4ra.\u00a0 \ud83d\ude4c\u2764\ufe0f\ud83d\ude4f<\/em><\/p>","protected":false},"excerpt":{"rendered":"<p><strong data-start=\"115\" data-end=\"149\">Improvisatsiooniline j\u00e4mmi\u00f5htu k\u00f5nelejatele hubases MindZ Studios. <span style=\"font-weight: 400;\">Tule osa saama m\u00f5nusas seltskonnas jagatud julgete l\u00fchilugude ja eheda kohalolu \u00f5htust, kus ei m\u00f5\u00f5deta t\u00e4iuslikkust, vaid t\u00e4histatakse julgust. Ootame sind kaasa elama ja looma toetavat ruumi neile, kes v\u00f5ivad astuda lavale esmakordselt. See v\u00f5id olla ka sina.<br \/>\n<strong>Kohtade arv on piiratud!<\/strong><\/span><\/strong><\/p>\n<p>Loe edasi \ud83d\udc47<\/p>","protected":false},"featured_media":5303,"template":"","meta":{"site-sidebar-layout":"default","site-content-layout":"","ast-site-content-layout":"default","site-content-style":"default","site-sidebar-style":"default","ast-global-header-display":"","ast-banner-title-visibility":"","ast-main-header-display":"","ast-hfb-above-header-display":"","ast-hfb-below-header-display":"","ast-hfb-mobile-header-display":"","site-post-title":"","ast-breadcrumbs-content":"","ast-featured-img":"","footer-sml-layout":"","ast-disable-related-posts":"","theme-transparent-header-meta":"default","adv-header-id-meta":"","stick-header-meta":"","header-above-stick-meta":"","header-main-stick-meta":"","header-below-stick-meta":"","astra-migrate-meta-layouts":"set","ast-page-background-enabled":"default","ast-page-background-meta":{"desktop":{"background-color":"","background-image":"","background-repeat":"repeat","background-position":"center center","background-size":"auto","background-attachment":"scroll","background-type":"","background-media":"","overlay-type":"","overlay-color":"","overlay-opacity":"","overlay-gradient":""},"tablet":{"background-color":"","background-image":"","background-repeat":"repeat","background-position":"center center","background-size":"auto","background-attachment":"scroll","background-type":"","background-media":"","overlay-type":"","overlay-color":"","overlay-opacity":"","overlay-gradient":""},"mobile":{"background-color":"","background-image":"","background-repeat":"repeat","background-position":"center center","background-size":"auto","background-attachment":"scroll","background-type":"","background-media":"","overlay-type":"","overlay-color":"","overlay-opacity":"","overlay-gradient":""}},"ast-content-background-meta":{"desktop":{"background-color":"var(--ast-global-color-5)","background-image":"","background-repeat":"repeat","background-position":"center center","background-size":"auto","background-attachment":"scroll","background-type":"","background-media":"","overlay-type":"","overlay-color":"","overlay-opacity":"","overlay-gradient":""},"tablet":{"background-color":"var(--ast-global-color-5)","background-image":"","background-repeat":"repeat","background-position":"center center","background-size":"auto","background-attachment":"scroll","background-type":"","background-media":"","overlay-type":"","overlay-color":"","overlay-opacity":"","overlay-gradient":""},"mobile":{"background-color":"var(--ast-global-color-5)","background-image":"","background-repeat":"repeat","background-position":"center center","background-size":"auto","background-attachment":"scroll","background-type":"","background-media":"","overlay-type":"","overlay-color":"","overlay-opacity":"","overlay-gradient":""}}},"product_brand":[],"product_cat":[53],"product_tag":[],"class_list":{"0":"post-5302","1":"product","2":"type-product","3":"status-publish","4":"has-post-thumbnail","6":"product_cat-konejamm","7":"desktop-align-left","8":"tablet-align-left","9":"mobile-align-left","11":"first","12":"instock","13":"virtual","14":"purchasable","15":"product-type-simple"},"_links":{"self":[{"href":"https:\/\/corporatemaestro.com\/en\/wp-json\/wp\/v2\/product\/5302","targetHints":{"allow":["GET"]}}],"collection":[{"href":"https:\/\/corporatemaestro.com\/en\/wp-json\/wp\/v2\/product"}],"about":[{"href":"https:\/\/corporatemaestro.com\/en\/wp-json\/wp\/v2\/types\/product"}],"wp:featuredmedia":[{"embeddable":true,"href":"https:\/\/corporatemaestro.com\/en\/wp-json\/wp\/v2\/media\/5303"}],"wp:attachment":[{"href":"https:\/\/corporatemaestro.com\/en\/wp-json\/wp\/v2\/media?parent=5302"}],"wp:term":[{"taxonomy":"product_brand","embeddable":true,"href":"https:\/\/corporatemaestro.com\/en\/wp-json\/wp\/v2\/product_brand?post=5302"},{"taxonomy":"product_cat","embeddable":true,"href":"https:\/\/corporatemaestro.com\/en\/wp-json\/wp\/v2\/product_cat?post=5302"},{"taxonomy":"product_tag","embeddable":true,"href":"https:\/\/corporatemaestro.com\/en\/wp-json\/wp\/v2\/product_tag?post=5302"}],"curies":[{"name":"wp","href":"https:\/\/api.w.org\/{rel}","templated":true}]}}