{"id":5302,"date":"2026-04-14T19:33:37","date_gmt":"2026-04-14T16:33:37","guid":{"rendered":"https:\/\/corporatemaestro.com\/?post_type=product&#038;p=5302"},"modified":"2026-05-07T13:40:10","modified_gmt":"2026-05-07T10:40:10","slug":"konejamm-13-mai-mindz-studio-s","status":"publish","type":"product","link":"https:\/\/corporatemaestro.com\/et\/toode\/konejamm-13-mai-mindz-studio-s\/","title":{"rendered":"K\u00d5NEJ\u00c4MM 13. mai, MindZ Studio"},"content":{"rendered":"<h5><strong>J\u00e4mmi\u00f5htu k\u00f5nelejatele<\/strong><\/h5>\n<p>Vaikus ruumis ei t\u00e4henda, et inimestel pole midagi \u00f6elda.<br \/>\nSee v\u00f5ib t\u00e4hendada, et nad ei julge. Ja kui ei julge, siis v\u00f5tab s\u00f5na keegi teine. Tihtipeale ka see, kelle m\u00f5te ei ole k\u00f5ige selgem, aga kelle h\u00e4\u00e4l on valjem.<\/p>\n<p>Sealt tekibki tunne, et mind nagu ei kuulata. Oma sisimas ma tean, et kindlasti mitte sellep\u00e4rast, et mul pole midagi \u00f6elda.<br \/>\nVaid sellep\u00e4rast, et ma viivitan ja kahtlen.<br \/>\nTundub tuttav?<\/p>\n<p>J\u00e4mmi\u00f5htu ongi see koht, kus saad end treenida.<\/p>\n<p>Sul tekib m\u00f5te. Sa astud ette. Ja r\u00e4\u00e4gid oma loo.<br \/>\nMitte t\u00e4iuslikult. Vaid kohal olles.<\/p>\n<h5><strong>Mis K\u00f5nej\u00e4mmi \u00f5htul toimub?<\/strong><\/h5>\n<ul>\n<li>\u00d5htut viib l\u00e4bi Anu T\u00e4hemaa<\/li>\n<li>Inimesed astuvad vabatahtlikult lavale ja r\u00e4\u00e4givad oma loo<\/li>\n<li>Antakse ootamatuid \u00fclesandeid<\/li>\n<li>Publik toetab ja reageerib<\/li>\n<\/ul>\n<h5><strong>See on sulle, kui&#8230;<\/strong><\/h5>\n<ul>\n<li>sul on m\u00f5tteid, aga sa hoiad neid tagasi<\/li>\n<li>sa k\u00fcll oskad r\u00e4\u00e4kida, aga kaotad fookuse<\/li>\n<li>sa tahad olla selgem ja m\u00f5jusam<\/li>\n<\/ul>\n<p>Ja ka sulle, kes sa juba esined, aga tahad j\u00f5uda kiiremini asja tuumani.<\/p>\n<h5><strong>Mida peab publik tegema?<\/strong><\/h5>\n<p>Publik hoiab ruumi.<br \/>\nKuulab. Toetab.<br \/>\nAga kui tunned, et tahad r\u00e4\u00e4kida, t\u00f5sta k\u00e4si ja tule lavale!<\/p>\n<p><strong>Korraldaja<\/strong>: Coprorate Maestro O\u00dc<br \/>\nAitan inimestel leida oma h\u00e4\u00e4le ja seda kasutada nii et neid kuulatakse ja tegutsetakse. Igas olukorras.<br \/>\nKontakt: 5058618<\/p>\n<p><strong>Toimumiskoht<\/strong>: MindZ Studio (Telliskivi 57, Tallinn)<br \/>\n<strong>Aeg ja kestus<\/strong>: Kolmap\u00e4ev, 13. mai kell 18.00 \u2013 20.00 (alustame 18.30)<br \/>\n<strong>NB!<\/strong> S\u00fcndmus on m\u00f5eldud t\u00e4iskasvanutele ning toimub eesti keeles.<\/p>\n<h5><strong>K\u00f5nej\u00e4mmis osalejate tagasiside:\u00a0<\/strong><\/h5>\n<p data-start=\"1243\" data-end=\"1540\"><strong>Triin P\u00e4rn &#8211; raamatupidaja<br \/>\n<\/strong>\u201cAlguses ei olnud lihtne. Aga t\u00e4na olen igal n\u00e4dalal lives ja r\u00e4\u00e4gin.\u201d<br data-start=\"519\" data-end=\"522\" \/><em>Ait\u00e4h, <strong data-start=\"529\" data-end=\"544\">Anu T\u00e4hemaa<\/strong> \ud83d\ude0d\u2764\ufe0f<br \/>\n<\/em><\/p>\n<p><strong data-start=\"883\" data-end=\"900\">Marika Hanson &#8211; tantsukooli omanik<br \/>\n<\/strong><em>\u201cIga kord oli ebamugav. Aga iga kord samm edasi.\u201d \u2764\ufe0f\u2728\ud83d\ude4f<br \/>\n<\/em><\/p>\n<p><strong>Andero Keronen &#8211; No Bananas CEO<br \/>\n<\/strong><em>\u201cSa tood n\u00e4htavale maailma, mida ma varem ei teadvustanud.\u201d<br data-start=\"2207\" data-end=\"2210\" \/>\ud83d\ude4c\u2764\ufe0f\ud83d\ude4f<\/em><\/p>\n","protected":false},"excerpt":{"rendered":"<p><strong data-start=\"115\" data-end=\"149\">Improvisatsiooniline j\u00e4mmi\u00f5htu k\u00f5nelejatele hubases MindZ Studios. <span style=\"font-weight: 400;\">Tule osa saama m\u00f5nusas seltskonnas jagatud julgete l\u00fchilugude ja eheda kohalolu \u00f5htust, kus ei m\u00f5\u00f5deta t\u00e4iuslikkust, vaid t\u00e4histatakse julgust. Ootame sind kaasa elama ja looma toetavat ruumi neile, kes v\u00f5ivad astuda lavale esmakordselt. See v\u00f5id olla ka sina.<br \/>\n<strong>Kohtade arv on piiratud!<\/strong><\/span><\/strong><\/p>\n<h5><span style=\"color: #b31b1b;\"><strong>V\u00e4rsket marjaampsu pakub No bananas.<\/strong><\/span><\/h5>\n<p>&nbsp;<\/p>\n<p>Loe edasi \ud83d\udc47<\/p>\n","protected":false},"featured_media":5303,"template":"","meta":{"site-sidebar-layout":"default","site-content-layout":"","ast-site-content-layout":"default","site-content-style":"default","site-sidebar-style":"default","ast-global-header-display":"","ast-banner-title-visibility":"","ast-main-header-display":"","ast-hfb-above-header-display":"","ast-hfb-below-header-display":"","ast-hfb-mobile-header-display":"","site-post-title":"","ast-breadcrumbs-content":"","ast-featured-img":"","footer-sml-layout":"","ast-disable-related-posts":"","theme-transparent-header-meta":"default","adv-header-id-meta":"","stick-header-meta":"","header-above-stick-meta":"","header-main-stick-meta":"","header-below-stick-meta":"","astra-migrate-meta-layouts":"set","ast-page-background-enabled":"default","ast-page-background-meta":{"desktop":{"background-color":"","background-image":"","background-repeat":"repeat","background-position":"center center","background-size":"auto","background-attachment":"scroll","background-type":"","background-media":"","overlay-type":"","overlay-color":"","overlay-opacity":"","overlay-gradient":""},"tablet":{"background-color":"","background-image":"","background-repeat":"repeat","background-position":"center center","background-size":"auto","background-attachment":"scroll","background-type":"","background-media":"","overlay-type":"","overlay-color":"","overlay-opacity":"","overlay-gradient":""},"mobile":{"background-color":"","background-image":"","background-repeat":"repeat","background-position":"center center","background-size":"auto","background-attachment":"scroll","background-type":"","background-media":"","overlay-type":"","overlay-color":"","overlay-opacity":"","overlay-gradient":""}},"ast-content-background-meta":{"desktop":{"background-color":"var(--ast-global-color-5)","background-image":"","background-repeat":"repeat","background-position":"center center","background-size":"auto","background-attachment":"scroll","background-type":"","background-media":"","overlay-type":"","overlay-color":"","overlay-opacity":"","overlay-gradient":""},"tablet":{"background-color":"var(--ast-global-color-5)","background-image":"","background-repeat":"repeat","background-position":"center center","background-size":"auto","background-attachment":"scroll","background-type":"","background-media":"","overlay-type":"","overlay-color":"","overlay-opacity":"","overlay-gradient":""},"mobile":{"background-color":"var(--ast-global-color-5)","background-image":"","background-repeat":"repeat","background-position":"center center","background-size":"auto","background-attachment":"scroll","background-type":"","background-media":"","overlay-type":"","overlay-color":"","overlay-opacity":"","overlay-gradient":""}}},"product_brand":[],"product_cat":[53],"product_tag":[],"class_list":{"0":"post-5302","1":"product","2":"type-product","3":"status-publish","4":"has-post-thumbnail","6":"product_cat-konejamm","7":"desktop-align-left","8":"tablet-align-left","9":"mobile-align-left","11":"first","12":"instock","13":"virtual","14":"purchasable","15":"product-type-simple"},"_links":{"self":[{"href":"https:\/\/corporatemaestro.com\/et\/wp-json\/wp\/v2\/product\/5302","targetHints":{"allow":["GET"]}}],"collection":[{"href":"https:\/\/corporatemaestro.com\/et\/wp-json\/wp\/v2\/product"}],"about":[{"href":"https:\/\/corporatemaestro.com\/et\/wp-json\/wp\/v2\/types\/product"}],"wp:featuredmedia":[{"embeddable":true,"href":"https:\/\/corporatemaestro.com\/et\/wp-json\/wp\/v2\/media\/5303"}],"wp:attachment":[{"href":"https:\/\/corporatemaestro.com\/et\/wp-json\/wp\/v2\/media?parent=5302"}],"wp:term":[{"taxonomy":"product_brand","embeddable":true,"href":"https:\/\/corporatemaestro.com\/et\/wp-json\/wp\/v2\/product_brand?post=5302"},{"taxonomy":"product_cat","embeddable":true,"href":"https:\/\/corporatemaestro.com\/et\/wp-json\/wp\/v2\/product_cat?post=5302"},{"taxonomy":"product_tag","embeddable":true,"href":"https:\/\/corporatemaestro.com\/et\/wp-json\/wp\/v2\/product_tag?post=5302"}],"curies":[{"name":"wp","href":"https:\/\/api.w.org\/{rel}","templated":true}]}}